{"id":3,"date":"2021-11-09T22:21:37","date_gmt":"2021-11-09T22:21:37","guid":{"rendered":"https:\/\/smrsaj.ba\/budozelj\/?page_id=3"},"modified":"2021-12-23T08:36:11","modified_gmt":"2021-12-23T07:36:11","slug":"polica-privatnosti-i-polica-o-kolacicima","status":"publish","type":"page","link":"https:\/\/smrsaj.ba\/budozelj\/polica-privatnosti-i-polica-o-kolacicima\/","title":{"rendered":"Polica privatnosti i polica o kola\u010di\u0107ima"},"content":{"rendered":"[vc_row][vc_column][vc_column_text]\n<div class=\"natrag\">\n<div class=\"img-natrag\"><a href=\"https:\/\/smrsaj.ba\/budozelj\/\"><img loading=\"lazy\" decoding=\"async\" src=\"https:\/\/smrsaj.ba\/budozelj\/wp-content\/uploads\/2021\/12\/back-300x300.png\" alt=\"\" width=\"20\" height=\"20\" \/><\/a><\/div>\n<div class=\"text-natrag\"><a href=\"https:\/\/smrsaj.ba\/budozelj\/\">Nazad<\/a><\/div>\n<\/div>\n[\/vc_column_text][vc_row_inner][vc_column_inner width=&#8221;2\/3&#8221;][vc_column_text el_class=&#8221;uvjeti-tekst&#8221;]\n<h2>Uvjeti kori\u0161tenja i polica privatnosti<\/h2>\n<h3>Pohrana osobnih podataka<\/h3>\n<p>Ova web stranica prikuplja va\u0161e podatke vezane za online donacije putem PayPal-a. Podaci koje nam dostavite elektroni\u010dkim putem na ovoj web stranici, poput imena, prezimena, adrese, adrese e-po\u0161te, podataka o kreditnoj kartici bit \u0107e nam dostavljeni zajedno s vremenom i IP adresom. Podaci se koriste samo u navedenu svrhu, \u010duvaju se na sigurnom (u ovom slu\u010daju na plaftormi PayPal) i ne otkrivaju se tre\u0107im stranama.<\/p>\n<p>Te se informacije koriste kako bi bili u mogu\u0107nosti izvr\u0161iti donaciju za na\u0161e Udru\u017eenje Planinarski dom &#8220;Budo\u017eelj&#8221;, kako bi se donacija procesuirala.<\/p>\n<h3>Kako \u0107emo koristiti va\u0161e podatke?<\/h3>\n<p>Va\u0161e osobne podatke koristimo samo u svrhu doniranja. Ne\u0107emo otkriti va\u0161e osobne podatke bez pristanka, ali ne mo\u017eemo isklju\u010diti da \u0107e se ti podaci vidjeti u slu\u010daju nezakonitog pona\u0161anja. Prikupljamo informacije o Vama da bismo Vas mogli i kontaktirati ukoliko do\u0111e do pote\u0161ko\u0107a prilikom procesuiranja naplate donacije.<\/p>\n<h3>Brisanje va\u0161ih podataka<\/h3>\n<p>U bilo kojem trenutku nas mo\u017eete kontaktirati kako bi uklonili Va\u0161e podatke.<\/p>\n<h2>Kola\u010di\u0107i (cookies)<\/h2>\n<p>Na\u0161a web stranica https:\/\/smrsaj.ba\/budozelj (u daljnjem tekstu: \u201cweb stranica\u201d) koristi kola\u010di\u0107e i druge srodne tehnologije (zbog prakti\u010dnosti sve tehnologije nazivaju se \u201ckola\u010di\u0107i\u201d). Kola\u010di\u0107e postavljaju i tre\u0107e strane koje smo anga\u017eirali. U daljem tekstu obavje\u0161tavamo vas o upotrebi kola\u010di\u0107a na na\u0161oj web stranici.<\/p>\n<h3>\u0160ta su kola\u010di\u0107i?<\/h3>\n<p>Kola\u010di\u0107 je mala jednostavna datoteka koja se \u0161alje zajedno sa stranicama ove web stranice i sprema va\u0161 preglednik na tvrdi disk va\u0161eg ra\u010dunala ili drugog ure\u0111aja. Podaci pohranjeni na njima mogu se vratiti na na\u0161e poslu\u017eitelje ili na poslu\u017eitelje relevantnih tre\u0107ih strana tijekom naknadnog posjeta.<\/p>\n<h3>Pristanak?<\/h3>\n<p>Kad prvi put posjetite na\u0161u web stranicu, prikazat \u0107emo vam sko\u010dni prozor s obja\u0161njenjem o kola\u010di\u0107ima. \u010cim kliknete \u201cSpremi postavke\u201d, pristajete na to da koristimo kategorije kola\u010di\u0107a i dodataka koje ste odabrali u sko\u010dnom prozoru, kako je opisano u ovim Pravilima o kola\u010di\u0107ima. Kori\u0161tenje kola\u010di\u0107a mo\u017eete onemogu\u0107iti putem svog preglednika, ali imajte na umu da na\u0161a web stranica mo\u017eda vi\u0161e ne\u0107e ispravno raditi.<\/p>\n<h3>Vrste kola\u010di\u0107a<\/h3>\n<h4>4.1 Tehni\u010dki ili funkcionalni kola\u010di\u0107i<\/h4>\n<p>Neki kola\u010di\u0107i osiguravaju da odre\u0111eni dijelovi web stranice rade ispravno i da va\u0161e korisni\u010dke postavke ostanu poznate. Postavljanjem funkcionalnih kola\u010di\u0107a olak\u0161avamo vam posjet na\u0161oj web stranici. Na taj na\u010din ne morate vi\u0161e puta unositi iste podatke prilikom posjeta na\u0161oj web stranici i, na primjer, predmeti ostaju u va\u0161oj ko\u0161arici dok ne platite. Ove kola\u010di\u0107e mo\u017eemo smjestiti bez va\u0161eg pristanka.<\/p>\n<h4>4.2. Analiti\u010dki kola\u010di\u0107i<\/h4>\n<p>Analiti\u010dke kola\u010di\u0107e koristimo za optimiziranje iskustva web stranice za na\u0161e korisnike. Ovim analiti\u010dkim kola\u010di\u0107ima dobivamo uvid u upotrebu na\u0161e web stranice. Molimo va\u0161e dopu\u0161tenje za postavljanje analiti\u010dkih kola\u010di\u0107a.<\/p>\n<h3>Omogu\u0107avanje \/ onemogu\u0107avanje i brisanje kola\u010di\u0107a<\/h3>\n<p>Svoj internetski preglednik mo\u017eete koristiti za automatsko ili ru\u010dno brisanje kola\u010di\u0107a. Tako\u0111er mo\u017eete odrediti da se odre\u0111eni kola\u010di\u0107i ne smiju postavljati. Druga je mogu\u0107nost promijeniti postavke internetskog preglednika tako da primate poruku svaki put kad se stavi kola\u010di\u0107. Dodatne informacije o ovim opcijama potra\u017eite u uputama u odjeljku za pomo\u0107 va\u0161eg preglednika. Napominjemo da na\u0161a web stranica mo\u017eda ne\u0107e raditi ispravno ako su svi kola\u010di\u0107i onemogu\u0107eni. Ako u svom pregledniku izbri\u0161ete kola\u010di\u0107e, oni \u0107e se ponovno smjestiti nakon va\u0161eg pristanka kada ponovno posjetite na\u0161e web stranice.<\/p>\n<h3>Pojedinosti za kontakt<\/h3>\n<p>Za pitanja i \/ ili komentare u vezi s na\u0161im Pravilima o kola\u010di\u0107ima i ovom izjavom, kontaktirajte nas koriste\u0107i sljede\u0107e kontakt podatke:<br \/>\nUdru\u017eenje gra\u0111ana Planinarsko dru\u0161tvo &#8220;Budo\u017eelj&#8221; Breza<br \/>\nAdresa: 71370 Breza, Gornja Breza broj 28<br \/>\nKontakt telefon: +387 61 844611<br \/>\nE-mail: pdbudozeljbreza@gmail.com[\/vc_column_text][\/vc_column_inner][vc_column_inner width=&#8221;1\/3&#8221;][\/vc_column_inner][\/vc_row_inner][vc_column_text]\n<div class=\"natrag\">\n<div class=\"img-natrag\"><a href=\"https:\/\/smrsaj.ba\/budozelj\/\"><img loading=\"lazy\" decoding=\"async\" src=\"https:\/\/smrsaj.ba\/budozelj\/wp-content\/uploads\/2021\/12\/back-300x300.png\" alt=\"\" width=\"20\" height=\"20\" \/><\/a><\/div>\n<div class=\"text-natrag\"><a href=\"https:\/\/smrsaj.ba\/budozelj\/\">Nazad<\/a><\/div>\n<\/div>\n[\/vc_column_text][\/vc_column][\/vc_row]\n","protected":false},"excerpt":{"rendered":"<p>[vc_row][vc_column][vc_column_text] Nazad [\/vc_column_text][vc_row_inner][vc_column_inner width=&#8221;2\/3&#8221;][vc_column_text el_class=&#8221;uvjeti-tekst&#8221;] Uvjeti kori\u0161tenja i polica privatnosti Pohrana osobnih podataka Ova web stranica prikuplja va\u0161e podatke vezane za online donacije putem PayPal-a. Podaci koje nam dostavite elektroni\u010dkim putem na ovoj web stranici, poput imena, prezimena, adrese, adrese e-po\u0161te, podataka o kreditnoj kartici bit \u0107e<\/p>\n","protected":false},"author":1,"featured_media":77,"parent":0,"menu_order":0,"comment_status":"closed","ping_status":"open","template":"page-FullWidth.php","meta":{"inline_featured_image":false,"footnotes":""},"class_list":["post-3","page","type-page","status-publish","has-post-thumbnail","hentry"],"_links":{"self":[{"href":"https:\/\/smrsaj.ba\/budozelj\/wp-json\/wp\/v2\/pages\/3","targetHints":{"allow":["GET"]}}],"collection":[{"href":"https:\/\/smrsaj.ba\/budozelj\/wp-json\/wp\/v2\/pages"}],"about":[{"href":"https:\/\/smrsaj.ba\/budozelj\/wp-json\/wp\/v2\/types\/page"}],"author":[{"embeddable":true,"href":"https:\/\/smrsaj.ba\/budozelj\/wp-json\/wp\/v2\/users\/1"}],"replies":[{"embeddable":true,"href":"https:\/\/smrsaj.ba\/budozelj\/wp-json\/wp\/v2\/comments?post=3"}],"version-history":[{"count":8,"href":"https:\/\/smrsaj.ba\/budozelj\/wp-json\/wp\/v2\/pages\/3\/revisions"}],"predecessor-version":[{"id":292,"href":"https:\/\/smrsaj.ba\/budozelj\/wp-json\/wp\/v2\/pages\/3\/revisions\/292"}],"wp:featuredmedia":[{"embeddable":true,"href":"https:\/\/smrsaj.ba\/budozelj\/wp-json\/wp\/v2\/media\/77"}],"wp:attachment":[{"href":"https:\/\/smrsaj.ba\/budozelj\/wp-json\/wp\/v2\/media?parent=3"}],"curies":[{"name":"wp","href":"https:\/\/api.w.org\/{rel}","templated":true}]}}